{"id":93,"date":"2017-03-28T09:09:31","date_gmt":"2017-03-28T07:09:31","guid":{"rendered":"http:\/\/alexandremegret.com\/?page_id=93"},"modified":"2024-08-26T17:41:41","modified_gmt":"2024-08-26T15:41:41","slug":"yoga","status":"publish","type":"page","link":"https:\/\/alexandremegret.com\/index.php\/fr\/yoga\/","title":{"rendered":"Yoga"},"content":{"rendered":"<div class=\"_2pie\">\n<div class=\"_4-u2 _3-98 _4-u8\">\n<div id=\"PagesProfileAboutFullColumnPagelet_206245989859869\" data-referrer=\"PagesProfileAboutFullColumnPagelet_206245989859869\">\n<div class=\"clearfix\">\n<div class=\"_4wye rfloat _ohf\">\n<div id=\"u_jsonp_3_1\">\n<div class=\"_4wyf\">\n<div id=\"id_591426cc139456073424482\" class=\"text_exposed_root text_exposed\">\n<p>Le Yoga se diffuse d&#8217;une personne \u00e0 une autre. Je transmets ce que j&#8217;ai eu la chance de recevoir, puis int\u00e9gr\u00e9, filtr\u00e9 au fil de ma pratique personnelle.<\/p>\n<p>Mes principales influences<\/p>\n<p>&#8211; G\u00e9rard Dartois gr\u00e2ce \u00e0 qui j&#8217;ai d\u00e9couvert la beaut\u00e9 et la richesse du Yoga. Une pratique ax\u00e9e sur le d\u00e9veloppement du ressenti et le respect du corps, avec une importante part philosophique et m\u00e9ditative (Swami Prajnanpad, Arnaud Desjardins)<\/p>\n<p>&#8211; Les pratiques de Yoga postural dynamiques Ashtanga et Vinyasa que j&#8217;approfondis depuis une vingtaine d&#8217;ann\u00e9es, notamment transmis par Pascale Autret (Ashtanga), Trupteesh Nagaraj Hurikadale et St\u00e9phanie Viu-Kessler (Vinyasa)<\/p>\n<p>&#8211; Un Yoga plus moderne, occidental et qui satisfait ma curiosit\u00e9 du Yoga vu comme outil de soin du corps et de l&#8217;esprit : Bernadette de Gasquet, Lionel Coudron, Corinne Mi\u00e9ville, ainsi que les pratiques de diff\u00e9rentes formes de mobilit\u00e9 comme Kinstretch<\/p>\n<p>&#8211; Une d\u00e9couverte aussi r\u00e9cente que puissante avec Mathieu et sa transmission du Yoga Nidra traditionnel indien<\/p>\n<p>&#8211; Depuis toujours j&#8217;ai une vie sportive riche, et de plus en plus je l&#8217;int\u00e8gre \u00e0 mes pratiques corporelles de Yoga, notamment via l&#8217;influence de la discipline fourre tout qu&#8217;on appelle &#8220;le mouvement&#8221;<\/p>\n<p><span style=\"font-size: inherit;\">Mon d\u00e9sir de porter les bienfaits du Yoga aupr\u00e8s de tous et en particulier vers les plus fragiles m&#8217;a amen\u00e9 \u00e0 animer depuis 2017 des pratiques hebdomadaires collectives aux d\u00e9tenus du Centre P\u00e9nitentiaire de Rennes. J&#8217;y interviens \u00e9galement depuis 2019 au sein de l&#8217;Unit\u00e9 pour D\u00e9tenus Violents dans le cadre de pratiques individuelles.<\/span><\/p>\n<p><span style=\"font-size: inherit;\">J&#8217;ai particip\u00e9 en 2019 \u00e0 un projet p\u00e9dagogique avec l\u2019EREA de Rennes pour am\u00e9liorer \u2013 avec le Yoga \u2013 les apprentissages d\u2019adolescents en grande difficult\u00e9 scolaire et sociale.<\/span><\/p>\n<p>Depuis 2020 j&#8217;anime <span style=\"font-size: inherit;\">des ateliers en collaboration avec le p\u00f4le addiction et pr\u00e9carit\u00e9 du Centre Hospitalier Psychiatrique Guillaume R\u00e9gnier. J&#8217;accompagne des groupes de patients suivis pour des troubles de l&#8217;addiction et du comportement alimentaire.<\/span><\/p>\n<p><span style=\"font-size: inherit;\">J&#8217;ai cofond\u00e9 en 2017 \u00e0 Rennes l&#8217;association de Yoga Social et Solidaire Le Chien T\u00eate en Bas. Depuis\u00a0 2022, j&#8217;anime des pratiques collectives ouvertes \u00e0 tous d<\/span><span style=\"font-size: inherit;\">ans l&#8217;association des <a href=\"https:\/\/cadets.fr\/activites-yoga\/\" target=\"_blank\" rel=\"noopener\">Cadets de Bretagne<\/a>, \u00e0 Rennes.<\/span><\/p>\n<p>Je suis entr\u00e9 en 2023 dans le dispositif <a href=\"https:\/\/bretagne-sport-sante.fr\/maisons-sport-sante-bretagne\/\" target=\"_blank\" rel=\"noopener\">Maison Sport Sant\u00e9<\/a> \u00e0 Rennes et plus largement actif dans le r\u00e9seau Sport Sant\u00e9 Bien Etre breton anim\u00e9 par l&#8217;ARS.<\/p>\n<p>J\u2019organise des pratiques de Yoga ponctuelles, des ateliers, des stages, aupr\u00e8s de publics vari\u00e9s, notamment pour <a href=\"https:\/\/www.facebook.com\/groups\/435586043479344\" target=\"_blank\" rel=\"noopener\">les surfeurs en Bretagne<\/a>. Je propose \u00e9galement des accompagnements individuels dans un cadre de Yogath\u00e9rapie : en support de troubles de sant\u00e9, physiques et\/ou psychologiques, ou pour l\u2019approfondissement d\u2019une pratique personnelle.<\/p>\n<\/div>\n<\/div>\n<\/div>\n<\/div>\n<\/div>\n<\/div>\n<\/div>\n<\/div>\n<div class=\"_5m1h\"><\/div>\n","protected":false},"excerpt":{"rendered":"<p>Le Yoga se diffuse d&#8217;une personne \u00e0 une autre. Je transmets ce que j&#8217;ai eu la chance de recevoir, puis int\u00e9gr\u00e9, filtr\u00e9 au fil de ma pratique personnelle. Mes principales influences &#8211; G\u00e9rard Dartois gr\u00e2ce \u00e0 qui j&#8217;ai d\u00e9couvert la beaut\u00e9 et la richesse du Yoga. Une pratique ax\u00e9e sur le d\u00e9veloppement du ressenti et &hellip; <\/p>\n<p class=\"link-more\"><a href=\"https:\/\/alexandremegret.com\/index.php\/fr\/yoga\/\" class=\"more-link\">Continue reading<span class=\"screen-reader-text\"> &#8220;Yoga&#8221;<\/span><\/a><\/p>\n","protected":false},"author":1,"featured_media":0,"parent":0,"menu_order":0,"comment_status":"closed","ping_status":"closed","template":"","meta":{"footnotes":""},"class_list":["post-93","page","type-page","status-publish","hentry"],"_links":{"self":[{"href":"https:\/\/alexandremegret.com\/index.php\/wp-json\/wp\/v2\/pages\/93","targetHints":{"allow":["GET"]}}],"collection":[{"href":"https:\/\/alexandremegret.com\/index.php\/wp-json\/wp\/v2\/pages"}],"about":[{"href":"https:\/\/alexandremegret.com\/index.php\/wp-json\/wp\/v2\/types\/page"}],"author":[{"embeddable":true,"href":"https:\/\/alexandremegret.com\/index.php\/wp-json\/wp\/v2\/users\/1"}],"replies":[{"embeddable":true,"href":"https:\/\/alexandremegret.com\/index.php\/wp-json\/wp\/v2\/comments?post=93"}],"version-history":[{"count":38,"href":"https:\/\/alexandremegret.com\/index.php\/wp-json\/wp\/v2\/pages\/93\/revisions"}],"predecessor-version":[{"id":903,"href":"https:\/\/alexandremegret.com\/index.php\/wp-json\/wp\/v2\/pages\/93\/revisions\/903"}],"wp:attachment":[{"href":"https:\/\/alexandremegret.com\/index.php\/wp-json\/wp\/v2\/media?parent=93"}],"curies":[{"name":"wp","href":"https:\/\/api.w.org\/{rel}","templated":true}]}}